{"id":429,"date":"2026-02-24T23:29:37","date_gmt":"2026-02-24T21:29:37","guid":{"rendered":"https:\/\/muc2026.mensch-und-computer.de\/?page_id=429"},"modified":"2026-04-09T10:16:04","modified_gmt":"2026-04-09T08:16:04","slug":"registration","status":"publish","type":"page","link":"https:\/\/muc2026.mensch-und-computer.de\/de\/participation\/registration\/","title":{"rendered":"Registrierung"},"content":{"rendered":"<h4 class=\"wp-block-heading has-text-align-center\"><em>Die Registrierung \u00f6ffnet bald<\/em><\/h4>\n\n\n\n<p>Registrierung vor Ort:<br><strong>Sun &#8211; Tue<\/strong> , <strong>8\u201318 Uhr<\/strong><br><strong>Mittwoch<\/strong> , <strong>8\u201310:45 Uhr<\/strong><\/p>\n\n\n\n<h3 class=\"wp-block-heading\">Registration Rates<\/h3>\n\n\n\n<figure class=\"wp-block-table table-new is-style-regular\"><table><thead><tr><th class=\"has-text-align-left\" data-align=\"left\"><\/th><th class=\"has-text-align-center\" data-align=\"center\">Early (until 29.07.)<\/th><th class=\"has-text-align-center\" data-align=\"center\">Standard<\/th><\/tr><\/thead><tbody><tr><td class=\"has-text-align-left\" data-align=\"left\">Nicht-Mitglieder<\/td><td class=\"has-text-align-center\" data-align=\"center\">580 \u20ac<\/td><td class=\"has-text-align-center\" data-align=\"center\">680 \u20ac<\/td><\/tr><tr><td class=\"has-text-align-left\" data-align=\"left\">Mitglieder (GI, German UPA und ACM)<\/td><td class=\"has-text-align-center\" data-align=\"center\">480 \u20ac<\/td><td class=\"has-text-align-center\" data-align=\"center\">580 \u20ac<\/td><\/tr><tr><td class=\"has-text-align-left\" data-align=\"left\">Studierende* (Nicht-Mitglieder)<\/td><td class=\"has-text-align-center\" data-align=\"center\">180 \u20ac<\/td><td class=\"has-text-align-center\" data-align=\"center\">230 \u20ac<\/td><\/tr><tr><td class=\"has-text-align-left\" data-align=\"left\">Studierende* (Mitglieder GI, German UPA und ACM)<\/td><td class=\"has-text-align-center\" data-align=\"center\">120 \u20ac<\/td><td class=\"has-text-align-center\" data-align=\"center\">170 \u20ac<\/td><\/tr><tr><td class=\"has-text-align-left\" data-align=\"left\">Tagesticket<sup>\u2020<\/sup><\/td><td class=\"has-text-align-center\" data-align=\"center\">290 \u20ac<\/td><td class=\"has-text-align-center\" data-align=\"center\">340 \u20ac<\/td><\/tr><tr><td class=\"has-text-align-left\" data-align=\"left\">Day ticket Sunday (Aug. 30th)<sup>\u2020<\/sup><\/td><td class=\"has-text-align-center\" data-align=\"center\">190 \u20ac<\/td><td class=\"has-text-align-center\" data-align=\"center\">240 \u20ac<\/td><\/tr><tr><td class=\"has-text-align-left\" data-align=\"left\">Tagesticket Studierende*<sup>\u2020<\/sup><\/td><td class=\"has-text-align-center\" data-align=\"center\">60 \u20ac<\/td><td class=\"has-text-align-center\" data-align=\"center\">90 \u20ac<\/td><\/tr><tr><td class=\"has-text-align-left\" data-align=\"left\">Ticket f\u00fcr das Konferenzdinner (gleicher Preis f\u00fcr alle)<\/td><td class=\"has-text-align-center\" data-align=\"center\">135 \u20ac<\/td><td class=\"has-text-align-center\" data-align=\"center\">135 \u20ac<\/td><\/tr><\/tbody><\/table><figcaption class=\"wp-element-caption\"><em>Registration fees include: coffee breaks (Aug. 30th to Sept. 2nd), lunch catering (Aug. 31st to Sept. 2nd), Networking Dinner Event (Sept. 1st)<\/em><\/figcaption><\/figure>\n\n\n\n<p class=\"highlight-box\"><strong>Studierende<\/strong><br>F\u00fcr die erm\u00e4\u00dfigten Konferenzgeb\u00fchr qualifiziert sind eingeschriebene Studierende ohne Arbeitsvertrag, mit nur geringf\u00fcgiger Besch\u00e4ftigung oder einem vergleichbar geringen Stipendium.<\/p>\n\n\n\n<p class=\"highlight-box\"><strong>Tagesticket<sup>\u2020<\/sup><\/strong><br>the day ticket includes all conference events on that day, including the Welcoming Reception and the Poster\/Demo sessions. Unfortunately, it does <strong>not<\/strong> include the networking dinner on September 2nd.<\/p>\n\n\n\n<p>The registration rate includes participation in the entire conference programme \u2013 whether HCI or UPA events. Each participant can thus freely define their own programme from all offered lectures, workshops, and tutorials. The registration rate also includes participation in the demo and poster session and, for most registration types, the evening event.<\/p>\n\n\n\n<p class=\"highlight-box\">Your registration includes a public transport ticket for the duration of MuC 2026. Use ticket received after registering to come to the conference and pick up your badge and you are good to go in the area A (<a href=\"https:\/\/www.dvg-duisburg.de\/fahrplaene\/fahrplanauskunft\" target=\"_blank\" rel=\"noreferrer noopener\">see this map<\/a>) \u2013 which is the complete city and some of the neighboring regions. Taking public transport is easy and a sustainable way to get around. You can find public transport options in Google Maps, using the DVG&nbsp;MyBus App or webpage (<a href=\"https:\/\/www.dvg-duisburg.de\" target=\"_blank\" rel=\"noreferrer noopener\">https:\/\/www.dvg-duisburg.de<\/a>).<\/p>\n\n\n\n<p><\/p>","protected":false},"excerpt":{"rendered":"<p>Registration opens soon Registration on-site:Sun &#8211; Tue from 8 am &#8211; 6 pmWed from 8 am &#8211; 10:45 am Registration Rates Early [&hellip;]<\/p>\n","protected":false},"author":5,"featured_media":0,"parent":447,"menu_order":0,"comment_status":"closed","ping_status":"closed","template":"","meta":{"footnotes":""},"class_list":["post-429","page","type-page","status-publish","hentry"],"yoast_head":"<!-- This site is optimized with the Yoast SEO plugin v27.4 - https:\/\/yoast.com\/product\/yoast-seo-wordpress\/ -->\n<title>Registration - Mensch und Computer 2026 in Duisburg | 30 Aug \u2013 2 Sep 2026<\/title>\n<meta name=\"robots\" content=\"index, follow, max-snippet:-1, max-image-preview:large, max-video-preview:-1\" \/>\n<link rel=\"canonical\" href=\"https:\/\/muc2026.mensch-und-computer.de\/de\/participation\/registration\/\" \/>\n<meta property=\"og:locale\" content=\"de_DE\" \/>\n<meta property=\"og:type\" content=\"article\" \/>\n<meta property=\"og:title\" content=\"Registration - Mensch und Computer 2026 in Duisburg | 30 Aug \u2013 2 Sep 2026\" \/>\n<meta property=\"og:description\" content=\"Registration opens soon Registration on-site:Sun &#8211; Tue from 8 am &#8211; 6 pmWed from 8 am &#8211; 10:45 am Registration Rates Early [&hellip;]\" \/>\n<meta property=\"og:url\" content=\"https:\/\/muc2026.mensch-und-computer.de\/de\/participation\/registration\/\" \/>\n<meta property=\"og:site_name\" content=\"Mensch und Computer 2026\" \/>\n<meta property=\"article:publisher\" content=\"https:\/\/www.facebook.com\/menschundcomputer\/\" \/>\n<meta property=\"article:modified_time\" content=\"2026-04-09T08:16:04+00:00\" \/>\n<meta property=\"og:image\" content=\"https:\/\/muc2026.mensch-und-computer.de\/wp-content\/uploads\/2026\/02\/Yoast_alt-1024x576.png\" \/>\n\t<meta property=\"og:image:width\" content=\"1024\" \/>\n\t<meta property=\"og:image:height\" content=\"576\" \/>\n\t<meta property=\"og:image:type\" content=\"image\/png\" \/>\n<meta name=\"twitter:card\" content=\"summary_large_image\" \/>\n<meta name=\"twitter:site\" content=\"@mucConf\" \/>\n<meta name=\"twitter:label1\" content=\"Gesch\u00e4tzte Lesezeit\" \/>\n\t<meta name=\"twitter:data1\" content=\"2\u00a0Minuten\" \/>\n<script type=\"application\/ld+json\" class=\"yoast-schema-graph\">{\"@context\":\"https:\\\/\\\/schema.org\",\"@graph\":[{\"@type\":\"WebPage\",\"@id\":\"https:\\\/\\\/muc2026.mensch-und-computer.de\\\/participation\\\/registration\\\/\",\"url\":\"https:\\\/\\\/muc2026.mensch-und-computer.de\\\/participation\\\/registration\\\/\",\"name\":\"Registration - Mensch und Computer 2026 in Duisburg | 30 Aug \u2013 2 Sep 2026\",\"isPartOf\":{\"@id\":\"https:\\\/\\\/muc2026.mensch-und-computer.de\\\/#website\"},\"datePublished\":\"2026-02-24T21:29:37+00:00\",\"dateModified\":\"2026-04-09T08:16:04+00:00\",\"breadcrumb\":{\"@id\":\"https:\\\/\\\/muc2026.mensch-und-computer.de\\\/participation\\\/registration\\\/#breadcrumb\"},\"inLanguage\":\"de\",\"potentialAction\":[{\"@type\":\"ReadAction\",\"target\":[\"https:\\\/\\\/muc2026.mensch-und-computer.de\\\/participation\\\/registration\\\/\"]}]},{\"@type\":\"BreadcrumbList\",\"@id\":\"https:\\\/\\\/muc2026.mensch-und-computer.de\\\/participation\\\/registration\\\/#breadcrumb\",\"itemListElement\":[{\"@type\":\"ListItem\",\"position\":1,\"name\":\"Home\",\"item\":\"https:\\\/\\\/muc2026.mensch-und-computer.de\\\/\"},{\"@type\":\"ListItem\",\"position\":2,\"name\":\"Participation\",\"item\":\"https:\\\/\\\/muc2026.mensch-und-computer.de\\\/participation\\\/\"},{\"@type\":\"ListItem\",\"position\":3,\"name\":\"Registration\"}]},{\"@type\":\"WebSite\",\"@id\":\"https:\\\/\\\/muc2026.mensch-und-computer.de\\\/#website\",\"url\":\"https:\\\/\\\/muc2026.mensch-und-computer.de\\\/\",\"name\":\"Mensch und Computer 2026\",\"description\":\"Mensch und Computer Conference - 30. Aug - 2. Sept 2026, Duisburg\",\"publisher\":{\"@id\":\"https:\\\/\\\/muc2026.mensch-und-computer.de\\\/#organization\"},\"alternateName\":\"MuC 2026\",\"potentialAction\":[{\"@type\":\"SearchAction\",\"target\":{\"@type\":\"EntryPoint\",\"urlTemplate\":\"https:\\\/\\\/muc2026.mensch-und-computer.de\\\/?s={search_term_string}\"},\"query-input\":{\"@type\":\"PropertyValueSpecification\",\"valueRequired\":true,\"valueName\":\"search_term_string\"}}],\"inLanguage\":\"de\"},{\"@type\":\"Organization\",\"@id\":\"https:\\\/\\\/muc2026.mensch-und-computer.de\\\/#organization\",\"name\":\"Mensch und Computer 2026\",\"url\":\"https:\\\/\\\/muc2026.mensch-und-computer.de\\\/\",\"logo\":{\"@type\":\"ImageObject\",\"inLanguage\":\"de\",\"@id\":\"https:\\\/\\\/muc2026.mensch-und-computer.de\\\/#\\\/schema\\\/logo\\\/image\\\/\",\"url\":\"https:\\\/\\\/muc2026.mensch-und-computer.de\\\/wp-content\\\/uploads\\\/2025\\\/08\\\/favicon-muc.png\",\"contentUrl\":\"https:\\\/\\\/muc2026.mensch-und-computer.de\\\/wp-content\\\/uploads\\\/2025\\\/08\\\/favicon-muc.png\",\"width\":512,\"height\":512,\"caption\":\"Mensch und Computer 2026\"},\"image\":{\"@id\":\"https:\\\/\\\/muc2026.mensch-und-computer.de\\\/#\\\/schema\\\/logo\\\/image\\\/\"},\"sameAs\":[\"https:\\\/\\\/www.facebook.com\\\/menschundcomputer\\\/\",\"https:\\\/\\\/x.com\\\/mucConf\",\"https:\\\/\\\/www.linkedin.com\\\/company\\\/mensch-und-computer\",\"https:\\\/\\\/www.instagram.com\\\/mucconf\\\/\",\"https:\\\/\\\/hci.social\\\/@mucConf@hci.social\",\"https:\\\/\\\/bsky.app\\\/profile\\\/mucconf.bsky.social\"]}]}<\/script>\n<!-- \/ Yoast SEO plugin. -->","yoast_head_json":{"title":"Registration - Mensch und Computer 2026 in Duisburg | 30 Aug \u2013 2 Sep 2026","robots":{"index":"index","follow":"follow","max-snippet":"max-snippet:-1","max-image-preview":"max-image-preview:large","max-video-preview":"max-video-preview:-1"},"canonical":"https:\/\/muc2026.mensch-und-computer.de\/de\/participation\/registration\/","og_locale":"de_DE","og_type":"article","og_title":"Registration - Mensch und Computer 2026 in Duisburg | 30 Aug \u2013 2 Sep 2026","og_description":"Registration opens soon Registration on-site:Sun &#8211; Tue from 8 am &#8211; 6 pmWed from 8 am &#8211; 10:45 am Registration Rates Early [&hellip;]","og_url":"https:\/\/muc2026.mensch-und-computer.de\/de\/participation\/registration\/","og_site_name":"Mensch und Computer 2026","article_publisher":"https:\/\/www.facebook.com\/menschundcomputer\/","article_modified_time":"2026-04-09T08:16:04+00:00","og_image":[{"width":1024,"height":576,"url":"https:\/\/muc2026.mensch-und-computer.de\/wp-content\/uploads\/2026\/02\/Yoast_alt-1024x576.png","type":"image\/png"}],"twitter_card":"summary_large_image","twitter_site":"@mucConf","twitter_misc":{"Gesch\u00e4tzte Lesezeit":"2\u00a0Minuten"},"schema":{"@context":"https:\/\/schema.org","@graph":[{"@type":"WebPage","@id":"https:\/\/muc2026.mensch-und-computer.de\/participation\/registration\/","url":"https:\/\/muc2026.mensch-und-computer.de\/participation\/registration\/","name":"Registration - Mensch und Computer 2026 in Duisburg | 30 Aug \u2013 2 Sep 2026","isPartOf":{"@id":"https:\/\/muc2026.mensch-und-computer.de\/#website"},"datePublished":"2026-02-24T21:29:37+00:00","dateModified":"2026-04-09T08:16:04+00:00","breadcrumb":{"@id":"https:\/\/muc2026.mensch-und-computer.de\/participation\/registration\/#breadcrumb"},"inLanguage":"de","potentialAction":[{"@type":"ReadAction","target":["https:\/\/muc2026.mensch-und-computer.de\/participation\/registration\/"]}]},{"@type":"BreadcrumbList","@id":"https:\/\/muc2026.mensch-und-computer.de\/participation\/registration\/#breadcrumb","itemListElement":[{"@type":"ListItem","position":1,"name":"Home","item":"https:\/\/muc2026.mensch-und-computer.de\/"},{"@type":"ListItem","position":2,"name":"Participation","item":"https:\/\/muc2026.mensch-und-computer.de\/participation\/"},{"@type":"ListItem","position":3,"name":"Registration"}]},{"@type":"WebSite","@id":"https:\/\/muc2026.mensch-und-computer.de\/#website","url":"https:\/\/muc2026.mensch-und-computer.de\/","name":"Mensch und Computer 2026","description":"Mensch und Computer Conference - 30. Aug - 2. Sept 2026, Duisburg","publisher":{"@id":"https:\/\/muc2026.mensch-und-computer.de\/#organization"},"alternateName":"MuC 2026","potentialAction":[{"@type":"SearchAction","target":{"@type":"EntryPoint","urlTemplate":"https:\/\/muc2026.mensch-und-computer.de\/?s={search_term_string}"},"query-input":{"@type":"PropertyValueSpecification","valueRequired":true,"valueName":"search_term_string"}}],"inLanguage":"de"},{"@type":"Organization","@id":"https:\/\/muc2026.mensch-und-computer.de\/#organization","name":"Mensch und Computer 2026","url":"https:\/\/muc2026.mensch-und-computer.de\/","logo":{"@type":"ImageObject","inLanguage":"de","@id":"https:\/\/muc2026.mensch-und-computer.de\/#\/schema\/logo\/image\/","url":"https:\/\/muc2026.mensch-und-computer.de\/wp-content\/uploads\/2025\/08\/favicon-muc.png","contentUrl":"https:\/\/muc2026.mensch-und-computer.de\/wp-content\/uploads\/2025\/08\/favicon-muc.png","width":512,"height":512,"caption":"Mensch und Computer 2026"},"image":{"@id":"https:\/\/muc2026.mensch-und-computer.de\/#\/schema\/logo\/image\/"},"sameAs":["https:\/\/www.facebook.com\/menschundcomputer\/","https:\/\/x.com\/mucConf","https:\/\/www.linkedin.com\/company\/mensch-und-computer","https:\/\/www.instagram.com\/mucconf\/","https:\/\/hci.social\/@mucConf@hci.social","https:\/\/bsky.app\/profile\/mucconf.bsky.social"]}]}},"_links":{"self":[{"href":"https:\/\/muc2026.mensch-und-computer.de\/de\/wp-json\/wp\/v2\/pages\/429","targetHints":{"allow":["GET"]}}],"collection":[{"href":"https:\/\/muc2026.mensch-und-computer.de\/de\/wp-json\/wp\/v2\/pages"}],"about":[{"href":"https:\/\/muc2026.mensch-und-computer.de\/de\/wp-json\/wp\/v2\/types\/page"}],"author":[{"embeddable":true,"href":"https:\/\/muc2026.mensch-und-computer.de\/de\/wp-json\/wp\/v2\/users\/5"}],"replies":[{"embeddable":true,"href":"https:\/\/muc2026.mensch-und-computer.de\/de\/wp-json\/wp\/v2\/comments?post=429"}],"version-history":[{"count":10,"href":"https:\/\/muc2026.mensch-und-computer.de\/de\/wp-json\/wp\/v2\/pages\/429\/revisions"}],"predecessor-version":[{"id":534,"href":"https:\/\/muc2026.mensch-und-computer.de\/de\/wp-json\/wp\/v2\/pages\/429\/revisions\/534"}],"up":[{"embeddable":true,"href":"https:\/\/muc2026.mensch-und-computer.de\/de\/wp-json\/wp\/v2\/pages\/447"}],"wp:attachment":[{"href":"https:\/\/muc2026.mensch-und-computer.de\/de\/wp-json\/wp\/v2\/media?parent=429"}],"curies":[{"name":"wp","href":"https:\/\/api.w.org\/{rel}","templated":true}]}}