{"id":602,"date":"2026-05-11T15:13:34","date_gmt":"2026-05-11T13:13:34","guid":{"rendered":"https:\/\/muc2026.mensch-und-computer.de\/?page_id=602"},"modified":"2026-05-11T15:27:59","modified_gmt":"2026-05-11T13:27:59","slug":"travel-and-accommodation","status":"publish","type":"page","link":"https:\/\/muc2026.mensch-und-computer.de\/de\/travel-and-accommodation\/","title":{"rendered":"Venue, Anreise und Hotels"},"content":{"rendered":"<h2 class=\"wp-block-heading\"><span class=\"ez-toc-section\" id=\"Venue_Travel_and_Hotels\"><\/span>Venue, Anreise und Hotels<span class=\"ez-toc-section-end\"><\/span><\/h2><div id=\"ez-toc-container\" class=\"ez-toc-v2_0_83 counter-hierarchy ez-toc-counter ez-toc-transparent ez-toc-container-direction\">\n<div class=\"ez-toc-title-container\">\n<p class=\"ez-toc-title\" style=\"cursor:inherit\">Inhaltsverzeichnis<\/p>\n<span class=\"ez-toc-title-toggle\"><a href=\"#\" class=\"ez-toc-pull-right ez-toc-btn ez-toc-btn-xs ez-toc-btn-default ez-toc-toggle\" aria-label=\"Toggle Table of Content\"><span class=\"ez-toc-js-icon-con\"><span class=\"\"><span class=\"eztoc-hide\" style=\"display:none;\">Toggle<\/span><span class=\"ez-toc-icon-toggle-span\"><svg style=\"fill: #999;color:#999\" xmlns=\"http:\/\/www.w3.org\/2000\/svg\" class=\"list-377408\" width=\"20px\" height=\"20px\" viewbox=\"0 0 24 24\" fill=\"none\"><path d=\"M6 6H4v2h2V6zm14 0H8v2h12V6zM4 11h2v2H4v-2zm16 0H8v2h12v-2zM4 16h2v2H4v-2zm16 0H8v2h12v-2z\" fill=\"currentColor\"><\/path><\/svg><svg style=\"fill: #999;color:#999\" class=\"arrow-unsorted-368013\" xmlns=\"http:\/\/www.w3.org\/2000\/svg\" width=\"10px\" height=\"10px\" viewbox=\"0 0 24 24\" version=\"1.2\" baseprofile=\"tiny\"><path d=\"M18.2 9.3l-6.2-6.3-6.2 6.3c-.2.2-.3.4-.3.7s.1.5.3.7c.2.2.4.3.7.3h11c.3 0 .5-.1.7-.3.2-.2.3-.5.3-.7s-.1-.5-.3-.7zM5.8 14.7l6.2 6.3 6.2-6.3c.2-.2.3-.5.3-.7s-.1-.5-.3-.7c-.2-.2-.4-.3-.7-.3h-11c-.3 0-.5.1-.7.3-.2.2-.3.5-.3.7s.1.5.3.7z\"\/><\/svg><\/span><\/span><\/span><\/a><\/span><\/div>\n<nav><ul class='ez-toc-list ez-toc-list-level-1 eztoc-toggle-hide-by-default' ><li class='ez-toc-page-1 ez-toc-heading-level-2'><a class=\"ez-toc-link ez-toc-heading-1\" href=\"https:\/\/muc2026.mensch-und-computer.de\/de\/travel-and-accommodation\/#Venue_Travel_and_Hotels\" >Venue, Anreise und Hotels<\/a><ul class='ez-toc-list-level-3' ><li class='ez-toc-heading-level-3'><a class=\"ez-toc-link ez-toc-heading-2\" href=\"https:\/\/muc2026.mensch-und-computer.de\/de\/travel-and-accommodation\/#Venue\" >Venue<\/a><\/li><li class='ez-toc-page-1 ez-toc-heading-level-3'><a class=\"ez-toc-link ez-toc-heading-3\" href=\"https:\/\/muc2026.mensch-und-computer.de\/de\/travel-and-accommodation\/#Travel\" >Anreise<\/a><ul class='ez-toc-list-level-4' ><li class='ez-toc-heading-level-4'><a class=\"ez-toc-link ez-toc-heading-4\" href=\"https:\/\/muc2026.mensch-und-computer.de\/de\/travel-and-accommodation\/#Public_Transport\" >\u00d6PNV<\/a><\/li><li class='ez-toc-page-1 ez-toc-heading-level-4'><a class=\"ez-toc-link ez-toc-heading-5\" href=\"https:\/\/muc2026.mensch-und-computer.de\/de\/travel-and-accommodation\/#By_Car\" >PKW<\/a><\/li><li class='ez-toc-page-1 ez-toc-heading-level-4'><a class=\"ez-toc-link ez-toc-heading-6\" href=\"https:\/\/muc2026.mensch-und-computer.de\/de\/travel-and-accommodation\/#By_plane\" >Flugzeug<\/a><\/li><\/ul><\/li><li class='ez-toc-page-1 ez-toc-heading-level-3'><a class=\"ez-toc-link ez-toc-heading-7\" href=\"https:\/\/muc2026.mensch-und-computer.de\/de\/travel-and-accommodation\/#Hotels\" >Hotels<\/a><\/li><\/ul><\/li><\/ul><\/nav><\/div>\n\n\n\n\n<h3 class=\"wp-block-heading\"><span class=\"ez-toc-section\" id=\"Venue\"><\/span>Venue<span class=\"ez-toc-section-end\"><\/span><\/h3>\n\n\n\n<p>Die Konferenz findet \u00fcberwiegend im L-Bereich des Campus Duisburg der Universit\u00e4t Duisburg-Essen statt<\/p>\n\n\n\n<p>\u00a0Geb\u00e4ude LX (Keynotes and Sessions), LA (Registration and Exhibitions), LB (Sessions and Workshops), LC (Workshops), LK (Workshops)<\/p>\n\n\n\n<p>Zugang \u00fcber Adresse: Lotharstra\u00dfe 75, 47057 Duisburg<\/p>\n\n\n\n<p><a href=\"https:\/\/maps.app.goo.gl\/JUyC4BCZnvxMsuW98\">https:\/\/maps.app.goo.gl\/JUyC4BCZnvxMsuW98<\/a><\/p>\n\n\n\n<figure class=\"wp-block-image size-large\"><img loading=\"lazy\" decoding=\"async\" width=\"1024\" height=\"1002\" src=\"https:\/\/muc2026.mensch-und-computer.de\/wp-content\/uploads\/2026\/05\/muc26-venue-1024x1002.png\" alt=\"\" class=\"wp-image-603\" srcset=\"https:\/\/muc2026.mensch-und-computer.de\/wp-content\/uploads\/2026\/05\/muc26-venue-1024x1002.png 1024w, https:\/\/muc2026.mensch-und-computer.de\/wp-content\/uploads\/2026\/05\/muc26-venue-300x293.png 300w, https:\/\/muc2026.mensch-und-computer.de\/wp-content\/uploads\/2026\/05\/muc26-venue-768x751.png 768w, https:\/\/muc2026.mensch-und-computer.de\/wp-content\/uploads\/2026\/05\/muc26-venue-12x12.png 12w, https:\/\/muc2026.mensch-und-computer.de\/wp-content\/uploads\/2026\/05\/muc26-venue-1000x978.png 1000w, https:\/\/muc2026.mensch-und-computer.de\/wp-content\/uploads\/2026\/05\/muc26-venue-230x225.png 230w, https:\/\/muc2026.mensch-und-computer.de\/wp-content\/uploads\/2026\/05\/muc26-venue-350x342.png 350w, https:\/\/muc2026.mensch-und-computer.de\/wp-content\/uploads\/2026\/05\/muc26-venue-480x470.png 480w, https:\/\/muc2026.mensch-und-computer.de\/wp-content\/uploads\/2026\/05\/muc26-venue.png 1052w\" sizes=\"auto, (max-width: 1024px) 100vw, 1024px\" \/><\/figure>\n\n\n\n<h3 class=\"wp-block-heading\"><span class=\"ez-toc-section\" id=\"Travel\"><\/span>Anreise<span class=\"ez-toc-section-end\"><\/span><\/h3>\n\n\n\n<p>Wir Empfehlen die Anreise per \u00d6PNV<\/p>\n\n\n\n<h4 class=\"wp-block-heading\"><span class=\"ez-toc-section\" id=\"Public_Transport\"><\/span>\u00d6PNV<span class=\"ez-toc-section-end\"><\/span><\/h4>\n\n\n\n<p>Ab Duisburg HBF mit Bussen 920 (Richtung Uni Nord), 933 (Richtung Uni Nord) zur Haltestelle Universit\u00e4t, Duisburg<\/p>\n\n\n\n<h4 class=\"wp-block-heading\"><span class=\"ez-toc-section\" id=\"By_Car\"><\/span>PKW<span class=\"ez-toc-section-end\"><\/span><\/h4>\n\n\n\n<p><strong>&nbsp; via A2 \/ A3 \/ A40<\/strong><\/p>\n\n\n\n<ul class=\"wp-block-list\">\n<li>Abfahrt Duisburg-Kaiserberg<\/li>\n\n\n\n<li>links in die Carl-Benz-Stra\u00dfe einbiegen<\/li>\n\n\n\n<li>Stra\u00dfe folgen bis zum Parkplatz Universit\u00e4t (Bereich M\/L)<\/li>\n<\/ul>\n\n\n\n<p><strong>&nbsp; via A59<\/strong><\/p>\n\n\n\n<ul class=\"wp-block-list\">\n<li>Abfahrt Duisburg-Mitte, Koloniestra\u00dfe<\/li>\n\n\n\n<li>links in die Mozartstra\u00dfe einbiegen<\/li>\n\n\n\n<li>links in die Lotharstra\u00dfe einbiegen <\/li>\n\n\n\n<li>Stra\u00dfe folgen bis zur Universit\u00e4t (Bereich L)<\/li>\n<\/ul>\n\n\n\n<p>Bei Anreise mit dem PKW empfehlen wir das Parkhaus der Universit\u00e4t:<\/p>\n\n\n\n<p><a href=\"https:\/\/maps.app.goo.gl\/PeAWtdawf74yzTNi7\">https:\/\/maps.app.goo.gl\/PeAWtdawf74yzTNi7<\/a><\/p>\n\n\n\n<p>Das Parkhaus der Universit\u00e4t ist nur Wochentags zwischen 6 und 22 Uhr ge\u00f6ffnet.<\/p>\n\n\n\n<p><strong>Achtung!<\/strong> Am Wochenende und nach 22 Uhr kann das Parkhaus auch nicht mehr verlassen werden!<\/p>\n\n\n\n<p>Au\u00dferhalb der \u00d6ffnungszeiten des Parkhauses und insb. Sonntags kann der Parkplatz hinter den Geb\u00e4uden LB und LC benutzt werden:<\/p>\n\n\n\n<p><a href=\"https:\/\/maps.app.goo.gl\/pwdNuuSVmVnU7axt8\">https:\/\/maps.app.goo.gl\/pwdNuuSVmVnU7axt8<\/a><\/p>\n\n\n\n<h4 class=\"wp-block-heading\"><span class=\"ez-toc-section\" id=\"By_plane\"><\/span>Flugzeug<span class=\"ez-toc-section-end\"><\/span><\/h4>\n\n\n\n<p>Duisburg hat keinen eigenen Flughafen ist aber z. B. \u00fcber den D\u00fcsseldorfer Flughafen mit anschlie\u00dfender Bahnfahrt gut zu erreichen<\/p>\n\n\n\n<h3 class=\"wp-block-heading\"><span class=\"ez-toc-section\" id=\"Hotels\"><\/span>Hotels<span class=\"ez-toc-section-end\"><\/span><\/h3>\n\n\n\n<p>Wir haben ein Hotelkontingent gebucht<\/p>\n\n\n\n<p>F\u00fcr SVs gibt es ein separates Hotelkontingent <\/p>\n\n\n\n<p>Die H\u00e4user aus dieser \u00dcbersicht (au\u00dfer das Premier Inn) sind \u00fcber unseren Buchungslink buchbar: <\/p>\n\n\n\n<p><a href=\"https:\/\/hotels.click-around.systems\/5eac5834\/c\/mnj9lz\">https:\/\/hotels.click-around.systems\/5eac5834\/c\/mnj9lz<\/a><\/p>\n\n\n\n<p>Das Premier Inn wird  grad erst er\u00f6ffnet. Von daher m\u00fcssten die Buchungen dort bitte \u00fcber diese Emailadresse laufen: <a href=\"\/de\/m&\/#97;&#105;&#x6c;&#x74;&#x6f;:g&#114;&#111;&#x75;&#x70;&#x73;&#46;&#119;&#101;&#115;&#x74;&#x40;&#x70;r&#101;&#109;&#x69;&#x65;&#x72;in&#110;&#46;&#x63;&#x6f;&#x6d;\">g&#114;&#x6f;&#x75;p&#115;&#x2e;&#x77;e&#115;&#116;&#x40;&#x70;r&#101;&#x6d;&#x69;e&#114;&#x69;&#x6e;n&#46;&#99;&#x6f;&#x6d;<\/a> unter dem Stichwort: <strong>Konferenz: Mensch &amp; Computer<\/strong> (DUIS260829DUICIT))<\/p>\n\n\n\n<p>Die Zimmer sind ab sofort buchbar.<\/p>\n\n\n\n<figure class=\"wp-block-table\"><table><thead><tr><th>Hotelname<\/th><th>Anreise<\/th><th>Abreise<\/th><th>Anzahl Zimmer<\/th><th>Preise (pro Zimmer\/pro Nacht, inkl. Fr\u00fchst\u00fcck)<\/th><th>R\u00fcckgabe-Termin f\u00fcr die Abrufkontingente<\/th><th>Zahlung<\/th><th>Storno wenn abgerufen<\/th><\/tr><\/thead><tbody><tr><td><a href=\"https:\/\/www.premierinn.com\/de\/de\/hotels\/deutschland\/nordrhein-westfalen\/duisburg\/duisburg-city-altstadt.html\">Premier Inn Duisburg City<\/a><\/td><td>29.08.2026<\/td><td>02.09.2026<\/td><td>50 Zimmer zur Einzel- oder Doppelnutzung<\/td><td>116,90\u20ac 134,80\u20ac<\/td><td><strong>01.06.2026<\/strong><\/td><td>on site, credit card must be provided during booking<\/td><td>46 Tage vor Anreise<\/td><\/tr><tr><td><a href=\"https:\/\/duisburg-city.campanile.com\/de-de\/\">Campanile Duisburg City<\/a><\/td><td>29.08.2026<\/td><td>02.09.2026<\/td><td>30 Zimmer zur Einzel- oder Doppelnutzung<\/td><td>89,00 \u20ac 99,00 \u20ac<\/td><td><strong>18.07.2026<\/strong><\/td><td>Vor Ort<\/td><td>42 Tage vor Anreise<\/td><\/tr><tr><td><a href=\"https:\/\/hrewards.com\/de\/intercityhotel-duisburg\">IntercityHotel Duisburg<\/a><\/td><td>29.08.2026<\/td><td>02.09.2026<\/td><td>40 Zimmer zur Einzel- oder Doppelnutzung<\/td><td>100,00 \u20ac 126,00 \u20ac<\/td><td><strong>18.07.2026<\/strong><\/td><td>Vor Ort<\/td><td>7 Tage vor Anreise<\/td><\/tr><tr><td><a href=\"https:\/\/www.mercure-duisburg-city.de\/\">Mercure Hotel Duisburg City<\/a><\/td><td>29.08.2026<\/td><td>02.09.2026<\/td><td>40 Zimmer zur Einzel- oder Doppelnutzung<\/td><td>88,00 \u20ac 103,00 \u20ac<\/td><td><strong>30.07.2026<\/strong><\/td><td>Vor Ort<\/td><td>1 Tag vor Anreise kostenfrei<\/td><\/tr><tr><td><a href=\"https:\/\/www.hotel-bb.com\/de\/hotel\/bochum-hbf-sued\">B&amp;B Hotel S\u00fcd<\/a><\/td><td>29.08.2026<\/td><td>02.09.2026<\/td><td>30 Zimmer zur Einzel- oder Doppelnutzung<\/td><td>100,90 \u20ac 124,80 \u20ac<\/td><td><strong>18.07.2026<\/strong><\/td><td>Bei Buchung<\/td><td>28 Tage vor Anreise bis 12 Uhr<\/td><\/tr><tr><td><a href=\"https:\/\/www.wyndhamhotels.com\/de-de\/wyndham\/duisburg-germany\/wyndham-duisburger-hof\/overview\">Wyndham<\/a><\/td><td>29.08.2026<\/td><td>02.09.2026<\/td><td>25 Zimmer zur Einzel- oder Doppelnutzung<\/td><td>89,00 \u20ac 100,00 \u20ac<\/td><td><strong>18.07.2026<\/strong><\/td><td>Vor Ort<\/td><td>7 Tage vor Anreise<\/td><\/tr><tr><td><a href=\"https:\/\/www.hotel-plaza.de\/\">Plaza Duisburg<\/a><\/td><td>29.08.2026<\/td><td>02.09.2026<\/td><td>50 Zimmer zur Einzel- oder Doppelnutzung<\/td><td>98,00 \u20ac 128,00 \u20ac<\/td><td><strong>27.07.2026<\/strong><\/td><td>Vor Ort<\/td><td>14 Tage vor Anreise<\/td><\/tr><\/tbody><\/table><\/figure>","protected":false},"excerpt":{"rendered":"<p>Venue, Travel and Hotels Venue The conference will primarily take place in the L area of Campus Duisburg of University of Duisburg [&hellip;]<\/p>\n","protected":false},"author":6,"featured_media":0,"parent":0,"menu_order":0,"comment_status":"closed","ping_status":"closed","template":"page-templates\/page_front-page.php","meta":{"footnotes":""},"class_list":["post-602","page","type-page","status-publish","hentry"],"yoast_head":"<!-- This site is optimized with the Yoast SEO plugin v27.5 - https:\/\/yoast.com\/product\/yoast-seo-wordpress\/ -->\n<title>Venue, Travel and Hotels - Mensch und Computer 2026<\/title>\n<meta name=\"robots\" content=\"index, follow, max-snippet:-1, max-image-preview:large, max-video-preview:-1\" \/>\n<link rel=\"canonical\" href=\"https:\/\/muc2026.mensch-und-computer.de\/de\/travel-and-accommodation\/\" \/>\n<meta property=\"og:locale\" content=\"de_DE\" \/>\n<meta property=\"og:type\" content=\"article\" \/>\n<meta property=\"og:title\" content=\"Venue, Travel and Hotels - Mensch und Computer 2026\" \/>\n<meta property=\"og:description\" content=\"Venue, Travel and Hotels Venue The conference will primarily take place in the L area of Campus Duisburg of University of Duisburg [&hellip;]\" \/>\n<meta property=\"og:url\" content=\"https:\/\/muc2026.mensch-und-computer.de\/de\/travel-and-accommodation\/\" \/>\n<meta property=\"og:site_name\" content=\"Mensch und Computer 2026\" \/>\n<meta property=\"article:publisher\" content=\"https:\/\/www.facebook.com\/menschundcomputer\/\" \/>\n<meta property=\"article:modified_time\" content=\"2026-05-11T13:27:59+00:00\" \/>\n<meta property=\"og:image\" content=\"https:\/\/muc2026.mensch-und-computer.de\/wp-content\/uploads\/2026\/05\/muc26-venue.png\" \/>\n\t<meta property=\"og:image:width\" content=\"1052\" \/>\n\t<meta property=\"og:image:height\" content=\"1029\" \/>\n\t<meta property=\"og:image:type\" content=\"image\/png\" \/>\n<meta name=\"twitter:card\" content=\"summary_large_image\" \/>\n<meta name=\"twitter:site\" content=\"@mucConf\" \/>\n<meta name=\"twitter:label1\" content=\"Gesch\u00e4tzte Lesezeit\" \/>\n\t<meta name=\"twitter:data1\" content=\"3\u00a0Minuten\" \/>\n<script type=\"application\/ld+json\" class=\"yoast-schema-graph\">{\"@context\":\"https:\\\/\\\/schema.org\",\"@graph\":[{\"@type\":\"WebPage\",\"@id\":\"https:\\\/\\\/muc2026.mensch-und-computer.de\\\/travel-and-accommodation\\\/\",\"url\":\"https:\\\/\\\/muc2026.mensch-und-computer.de\\\/travel-and-accommodation\\\/\",\"name\":\"Venue, Travel and Hotels - Mensch und Computer 2026\",\"isPartOf\":{\"@id\":\"https:\\\/\\\/muc2026.mensch-und-computer.de\\\/#website\"},\"primaryImageOfPage\":{\"@id\":\"https:\\\/\\\/muc2026.mensch-und-computer.de\\\/travel-and-accommodation\\\/#primaryimage\"},\"image\":{\"@id\":\"https:\\\/\\\/muc2026.mensch-und-computer.de\\\/travel-and-accommodation\\\/#primaryimage\"},\"thumbnailUrl\":\"https:\\\/\\\/muc2026.mensch-und-computer.de\\\/wp-content\\\/uploads\\\/2026\\\/05\\\/muc26-venue-1024x1002.png\",\"datePublished\":\"2026-05-11T13:13:34+00:00\",\"dateModified\":\"2026-05-11T13:27:59+00:00\",\"breadcrumb\":{\"@id\":\"https:\\\/\\\/muc2026.mensch-und-computer.de\\\/travel-and-accommodation\\\/#breadcrumb\"},\"inLanguage\":\"de\",\"potentialAction\":[{\"@type\":\"ReadAction\",\"target\":[\"https:\\\/\\\/muc2026.mensch-und-computer.de\\\/travel-and-accommodation\\\/\"]}]},{\"@type\":\"ImageObject\",\"inLanguage\":\"de\",\"@id\":\"https:\\\/\\\/muc2026.mensch-und-computer.de\\\/travel-and-accommodation\\\/#primaryimage\",\"url\":\"https:\\\/\\\/muc2026.mensch-und-computer.de\\\/wp-content\\\/uploads\\\/2026\\\/05\\\/muc26-venue-1024x1002.png\",\"contentUrl\":\"https:\\\/\\\/muc2026.mensch-und-computer.de\\\/wp-content\\\/uploads\\\/2026\\\/05\\\/muc26-venue-1024x1002.png\"},{\"@type\":\"BreadcrumbList\",\"@id\":\"https:\\\/\\\/muc2026.mensch-und-computer.de\\\/travel-and-accommodation\\\/#breadcrumb\",\"itemListElement\":[{\"@type\":\"ListItem\",\"position\":1,\"name\":\"Home\",\"item\":\"https:\\\/\\\/muc2026.mensch-und-computer.de\\\/\"},{\"@type\":\"ListItem\",\"position\":2,\"name\":\"Venue, Travel and Hotels\"}]},{\"@type\":\"WebSite\",\"@id\":\"https:\\\/\\\/muc2026.mensch-und-computer.de\\\/#website\",\"url\":\"https:\\\/\\\/muc2026.mensch-und-computer.de\\\/\",\"name\":\"Mensch und Computer 2026\",\"description\":\"Mensch und Computer Conference - 30. Aug - 2. Sept 2026, Duisburg\",\"publisher\":{\"@id\":\"https:\\\/\\\/muc2026.mensch-und-computer.de\\\/#organization\"},\"alternateName\":\"MuC 2026\",\"potentialAction\":[{\"@type\":\"SearchAction\",\"target\":{\"@type\":\"EntryPoint\",\"urlTemplate\":\"https:\\\/\\\/muc2026.mensch-und-computer.de\\\/?s={search_term_string}\"},\"query-input\":{\"@type\":\"PropertyValueSpecification\",\"valueRequired\":true,\"valueName\":\"search_term_string\"}}],\"inLanguage\":\"de\"},{\"@type\":\"Organization\",\"@id\":\"https:\\\/\\\/muc2026.mensch-und-computer.de\\\/#organization\",\"name\":\"Mensch und Computer 2026\",\"url\":\"https:\\\/\\\/muc2026.mensch-und-computer.de\\\/\",\"logo\":{\"@type\":\"ImageObject\",\"inLanguage\":\"de\",\"@id\":\"https:\\\/\\\/muc2026.mensch-und-computer.de\\\/#\\\/schema\\\/logo\\\/image\\\/\",\"url\":\"https:\\\/\\\/muc2026.mensch-und-computer.de\\\/wp-content\\\/uploads\\\/2025\\\/08\\\/favicon-muc.png\",\"contentUrl\":\"https:\\\/\\\/muc2026.mensch-und-computer.de\\\/wp-content\\\/uploads\\\/2025\\\/08\\\/favicon-muc.png\",\"width\":512,\"height\":512,\"caption\":\"Mensch und Computer 2026\"},\"image\":{\"@id\":\"https:\\\/\\\/muc2026.mensch-und-computer.de\\\/#\\\/schema\\\/logo\\\/image\\\/\"},\"sameAs\":[\"https:\\\/\\\/www.facebook.com\\\/menschundcomputer\\\/\",\"https:\\\/\\\/x.com\\\/mucConf\",\"https:\\\/\\\/www.linkedin.com\\\/company\\\/mensch-und-computer\",\"https:\\\/\\\/www.instagram.com\\\/mucconf\\\/\",\"https:\\\/\\\/hci.social\\\/@mucConf@hci.social\",\"https:\\\/\\\/bsky.app\\\/profile\\\/mucconf.bsky.social\"]}]}<\/script>\n<!-- \/ Yoast SEO plugin. -->","yoast_head_json":{"title":"Venue, Travel and Hotels - Mensch und Computer 2026","robots":{"index":"index","follow":"follow","max-snippet":"max-snippet:-1","max-image-preview":"max-image-preview:large","max-video-preview":"max-video-preview:-1"},"canonical":"https:\/\/muc2026.mensch-und-computer.de\/de\/travel-and-accommodation\/","og_locale":"de_DE","og_type":"article","og_title":"Venue, Travel and Hotels - Mensch und Computer 2026","og_description":"Venue, Travel and Hotels Venue The conference will primarily take place in the L area of Campus Duisburg of University of Duisburg [&hellip;]","og_url":"https:\/\/muc2026.mensch-und-computer.de\/de\/travel-and-accommodation\/","og_site_name":"Mensch und Computer 2026","article_publisher":"https:\/\/www.facebook.com\/menschundcomputer\/","article_modified_time":"2026-05-11T13:27:59+00:00","og_image":[{"width":1052,"height":1029,"url":"https:\/\/muc2026.mensch-und-computer.de\/wp-content\/uploads\/2026\/05\/muc26-venue.png","type":"image\/png"}],"twitter_card":"summary_large_image","twitter_site":"@mucConf","twitter_misc":{"Gesch\u00e4tzte Lesezeit":"3\u00a0Minuten"},"schema":{"@context":"https:\/\/schema.org","@graph":[{"@type":"WebPage","@id":"https:\/\/muc2026.mensch-und-computer.de\/travel-and-accommodation\/","url":"https:\/\/muc2026.mensch-und-computer.de\/travel-and-accommodation\/","name":"Venue, Travel and Hotels - Mensch und Computer 2026","isPartOf":{"@id":"https:\/\/muc2026.mensch-und-computer.de\/#website"},"primaryImageOfPage":{"@id":"https:\/\/muc2026.mensch-und-computer.de\/travel-and-accommodation\/#primaryimage"},"image":{"@id":"https:\/\/muc2026.mensch-und-computer.de\/travel-and-accommodation\/#primaryimage"},"thumbnailUrl":"https:\/\/muc2026.mensch-und-computer.de\/wp-content\/uploads\/2026\/05\/muc26-venue-1024x1002.png","datePublished":"2026-05-11T13:13:34+00:00","dateModified":"2026-05-11T13:27:59+00:00","breadcrumb":{"@id":"https:\/\/muc2026.mensch-und-computer.de\/travel-and-accommodation\/#breadcrumb"},"inLanguage":"de","potentialAction":[{"@type":"ReadAction","target":["https:\/\/muc2026.mensch-und-computer.de\/travel-and-accommodation\/"]}]},{"@type":"ImageObject","inLanguage":"de","@id":"https:\/\/muc2026.mensch-und-computer.de\/travel-and-accommodation\/#primaryimage","url":"https:\/\/muc2026.mensch-und-computer.de\/wp-content\/uploads\/2026\/05\/muc26-venue-1024x1002.png","contentUrl":"https:\/\/muc2026.mensch-und-computer.de\/wp-content\/uploads\/2026\/05\/muc26-venue-1024x1002.png"},{"@type":"BreadcrumbList","@id":"https:\/\/muc2026.mensch-und-computer.de\/travel-and-accommodation\/#breadcrumb","itemListElement":[{"@type":"ListItem","position":1,"name":"Home","item":"https:\/\/muc2026.mensch-und-computer.de\/"},{"@type":"ListItem","position":2,"name":"Venue, Travel and Hotels"}]},{"@type":"WebSite","@id":"https:\/\/muc2026.mensch-und-computer.de\/#website","url":"https:\/\/muc2026.mensch-und-computer.de\/","name":"Mensch und Computer 2026","description":"Mensch und Computer Conference - 30. Aug - 2. Sept 2026, Duisburg","publisher":{"@id":"https:\/\/muc2026.mensch-und-computer.de\/#organization"},"alternateName":"MuC 2026","potentialAction":[{"@type":"SearchAction","target":{"@type":"EntryPoint","urlTemplate":"https:\/\/muc2026.mensch-und-computer.de\/?s={search_term_string}"},"query-input":{"@type":"PropertyValueSpecification","valueRequired":true,"valueName":"search_term_string"}}],"inLanguage":"de"},{"@type":"Organization","@id":"https:\/\/muc2026.mensch-und-computer.de\/#organization","name":"Mensch und Computer 2026","url":"https:\/\/muc2026.mensch-und-computer.de\/","logo":{"@type":"ImageObject","inLanguage":"de","@id":"https:\/\/muc2026.mensch-und-computer.de\/#\/schema\/logo\/image\/","url":"https:\/\/muc2026.mensch-und-computer.de\/wp-content\/uploads\/2025\/08\/favicon-muc.png","contentUrl":"https:\/\/muc2026.mensch-und-computer.de\/wp-content\/uploads\/2025\/08\/favicon-muc.png","width":512,"height":512,"caption":"Mensch und Computer 2026"},"image":{"@id":"https:\/\/muc2026.mensch-und-computer.de\/#\/schema\/logo\/image\/"},"sameAs":["https:\/\/www.facebook.com\/menschundcomputer\/","https:\/\/x.com\/mucConf","https:\/\/www.linkedin.com\/company\/mensch-und-computer","https:\/\/www.instagram.com\/mucconf\/","https:\/\/hci.social\/@mucConf@hci.social","https:\/\/bsky.app\/profile\/mucconf.bsky.social"]}]}},"_links":{"self":[{"href":"https:\/\/muc2026.mensch-und-computer.de\/de\/wp-json\/wp\/v2\/pages\/602","targetHints":{"allow":["GET"]}}],"collection":[{"href":"https:\/\/muc2026.mensch-und-computer.de\/de\/wp-json\/wp\/v2\/pages"}],"about":[{"href":"https:\/\/muc2026.mensch-und-computer.de\/de\/wp-json\/wp\/v2\/types\/page"}],"author":[{"embeddable":true,"href":"https:\/\/muc2026.mensch-und-computer.de\/de\/wp-json\/wp\/v2\/users\/6"}],"replies":[{"embeddable":true,"href":"https:\/\/muc2026.mensch-und-computer.de\/de\/wp-json\/wp\/v2\/comments?post=602"}],"version-history":[{"count":5,"href":"https:\/\/muc2026.mensch-und-computer.de\/de\/wp-json\/wp\/v2\/pages\/602\/revisions"}],"predecessor-version":[{"id":612,"href":"https:\/\/muc2026.mensch-und-computer.de\/de\/wp-json\/wp\/v2\/pages\/602\/revisions\/612"}],"wp:attachment":[{"href":"https:\/\/muc2026.mensch-und-computer.de\/de\/wp-json\/wp\/v2\/media?parent=602"}],"curies":[{"name":"wp","href":"https:\/\/api.w.org\/{rel}","templated":true}]}}